{"id":124,"date":"2024-07-22T12:23:00","date_gmt":"2024-07-22T10:23:00","guid":{"rendered":"https:\/\/asyakm.org\/index.php\/home\/"},"modified":"2024-08-22T23:07:47","modified_gmt":"2024-08-22T21:07:47","slug":"home","status":"publish","type":"page","link":"https:\/\/asyakm.org\/index.php\/home\/","title":{"rendered":"Home"},"content":{"rendered":"\n<p class=\"has-text-align-center has-white-color has-vivid-cyan-blue-background-color has-text-color has-background has-link-color wp-elements-b6bab069ea4881a6377b13184540979d\">Asya K\u00fclt\u00fcr ve Medeniyet Derne\u011fi, k\u00f6kl\u00fc k\u00fclt\u00fcrel miras\u0131m\u0131z\u0131 ve manevi de\u011ferleri korumak, ya\u015fatmak ve yayg\u0131nla\u015ft\u0131rmak amac\u0131yla kurulmu\u015f bir sivil toplum kurulu\u015fudur. Derne\u011fimiz, ilmi ve k\u00fclt\u00fcrel \u00e7al\u0131\u015fmalar yaparak fertlerin manevi de\u011ferler do\u011frultusunda yeti\u015fmelerini sa\u011flamay\u0131 hedeflemektedir.<\/p>\n\n\n\n<p class=\"has-text-align-center has-white-color has-vivid-cyan-blue-background-color has-text-color has-background has-link-color wp-elements-228e6a922d27d473cefbbe881aabc82b\">Yard\u0131ma muhta\u00e7 \u00fcniversite \u00f6\u011frencilerine burs veriyoruz.<br>Fakir ailelere yard\u0131m ediyoruz.<\/p>\n\n\n\n<p class=\"has-text-align-center has-ast-global-color-5-color has-ast-global-color-1-background-color has-text-color has-background has-link-color wp-elements-df2be326730b90c30236d94c098ec515\">ASYA K\u00dcLT\u00dcR VE MEDEN\u0130YET DERNE\u011e\u0130:<br><strong>IBAN: TR68 0021 0000 0010 8460 1000 01<\/strong><\/p>\n\n\n\n<p class=\"has-text-align-center has-white-color has-vivid-cyan-blue-background-color has-text-color has-background has-link-color has-medium-font-size wp-elements-01a2902c688c72d9297d37b567193bee\">\u0130leti\u015fim:<br>\u0130stanbul-\u00dcmraniye-S\u00fcleymaniye<br>0 530 512 56 86<\/p>\n\n\n\n<p class=\"has-white-color has-vivid-cyan-blue-background-color has-text-color has-background has-link-color wp-elements-23edb427049fb792aeba60132a02b764\"><\/p>\n","protected":false},"excerpt":{"rendered":"<p>Asya K\u00fclt\u00fcr ve Medeniyet Derne\u011fi, k\u00f6kl\u00fc k\u00fclt\u00fcrel miras\u0131m\u0131z\u0131 ve manevi de\u011ferleri korumak, ya\u015fatmak ve yayg\u0131nla\u015ft\u0131rmak amac\u0131yla kurulmu\u015f bir sivil toplum kurulu\u015fudur. Derne\u011fimiz, ilmi ve k\u00fclt\u00fcrel&hellip;<\/p>\n","protected":false},"author":1,"featured_media":0,"parent":0,"menu_order":1,"comment_status":"closed","ping_status":"closed","template":"","meta":{"footnotes":""},"class_list":["post-124","page","type-page","status-publish","hentry"],"_links":{"self":[{"href":"https:\/\/asyakm.org\/index.php\/wp-json\/wp\/v2\/pages\/124","targetHints":{"allow":["GET"]}}],"collection":[{"href":"https:\/\/asyakm.org\/index.php\/wp-json\/wp\/v2\/pages"}],"about":[{"href":"https:\/\/asyakm.org\/index.php\/wp-json\/wp\/v2\/types\/page"}],"author":[{"embeddable":true,"href":"https:\/\/asyakm.org\/index.php\/wp-json\/wp\/v2\/users\/1"}],"replies":[{"embeddable":true,"href":"https:\/\/asyakm.org\/index.php\/wp-json\/wp\/v2\/comments?post=124"}],"version-history":[{"count":2,"href":"https:\/\/asyakm.org\/index.php\/wp-json\/wp\/v2\/pages\/124\/revisions"}],"predecessor-version":[{"id":173,"href":"https:\/\/asyakm.org\/index.php\/wp-json\/wp\/v2\/pages\/124\/revisions\/173"}],"wp:attachment":[{"href":"https:\/\/asyakm.org\/index.php\/wp-json\/wp\/v2\/media?parent=124"}],"curies":[{"name":"wp","href":"https:\/\/api.w.org\/{rel}","templated":true}]}}