{"id":2,"date":"2024-04-13T19:08:18","date_gmt":"2024-04-13T19:08:18","guid":{"rendered":"https:\/\/asyakm.org\/?page_id=2"},"modified":"2025-10-14T00:56:39","modified_gmt":"2025-10-13T22:56:39","slug":"sample-page","status":"publish","type":"page","link":"https:\/\/asyakm.org\/index.php\/sample-page\/","title":{"rendered":"Ba\u011f\u0131\u015flar\u0131n\u0131z \u0130\u00e7in"},"content":{"rendered":"\n<p class=\"has-medium-font-size\">Yard\u0131ma muhta\u00e7 \u00fcniversite \u00f6\u011frencilerine burs veriyoruz.<br>Fakir ailelere yard\u0131m ediyoruz.<\/p>\n\n\n\n<p class=\"has-pale-cyan-blue-background-color has-background has-small-font-size\">ASYA K\u00dcLT\u00dcR VE MEDEN\u0130YET DERNE\u011e\u0130:<br>Vak\u0131f Kat\u0131l\u0131m  <br><strong>TR68 0021 0000 0010 8460 1000 01<\/strong><\/p>\n\n\n\n<p class=\"has-pale-cyan-blue-background-color has-background has-small-font-size\">Albaraka<br><strong>TR09 0020 3000 1049 6785 0000 01<\/strong><\/p>\n\n\n\n<p class=\"has-medium-font-size\"><\/p>\n\n\n\n<p><\/p>\n","protected":false},"excerpt":{"rendered":"<p>Yard\u0131ma muhta\u00e7 \u00fcniversite \u00f6\u011frencilerine burs veriyoruz.Fakir ailelere yard\u0131m ediyoruz. ASYA K\u00dcLT\u00dcR VE MEDEN\u0130YET DERNE\u011e\u0130:Vak\u0131f Kat\u0131l\u0131m TR68 0021 0000 0010 8460 1000 01 AlbarakaTR09 0020 3000&hellip;<\/p>\n","protected":false},"author":1,"featured_media":0,"parent":0,"menu_order":2,"comment_status":"closed","ping_status":"open","template":"","meta":{"footnotes":""},"class_list":["post-2","page","type-page","status-publish","hentry"],"_links":{"self":[{"href":"https:\/\/asyakm.org\/index.php\/wp-json\/wp\/v2\/pages\/2","targetHints":{"allow":["GET"]}}],"collection":[{"href":"https:\/\/asyakm.org\/index.php\/wp-json\/wp\/v2\/pages"}],"about":[{"href":"https:\/\/asyakm.org\/index.php\/wp-json\/wp\/v2\/types\/page"}],"author":[{"embeddable":true,"href":"https:\/\/asyakm.org\/index.php\/wp-json\/wp\/v2\/users\/1"}],"replies":[{"embeddable":true,"href":"https:\/\/asyakm.org\/index.php\/wp-json\/wp\/v2\/comments?post=2"}],"version-history":[{"count":6,"href":"https:\/\/asyakm.org\/index.php\/wp-json\/wp\/v2\/pages\/2\/revisions"}],"predecessor-version":[{"id":791,"href":"https:\/\/asyakm.org\/index.php\/wp-json\/wp\/v2\/pages\/2\/revisions\/791"}],"wp:attachment":[{"href":"https:\/\/asyakm.org\/index.php\/wp-json\/wp\/v2\/media?parent=2"}],"curies":[{"name":"wp","href":"https:\/\/api.w.org\/{rel}","templated":true}]}}